{"id":7,"date":"2017-07-05T09:20:35","date_gmt":"2017-07-05T07:20:35","guid":{"rendered":"https:\/\/www.waterjetsweden.com\/sv\/?page_id=7"},"modified":"2025-11-17T08:43:46","modified_gmt":"2025-11-17T07:43:46","slug":"home","status":"publish","type":"page","link":"https:\/\/www.waterjetsweden.com\/sv\/","title":{"rendered":"Home"},"content":{"rendered":"","protected":false},"excerpt":{"rendered":"","protected":false},"author":1,"featured_media":0,"parent":0,"menu_order":0,"comment_status":"closed","ping_status":"closed","template":"","meta":[],"acf":[],"yoast_head":"<!-- This site is optimized with the Yoast SEO plugin v19.13 - https:\/\/yoast.com\/wordpress\/plugins\/seo\/ -->\n<title>Vattensk\u00e4rning - Vattensk\u00e4rmaskiner fr\u00e5n Water Jet Sweden<\/title>\n<meta name=\"description\" content=\"V\u00e4lkomna till Water Jet Sweden. Med \u00f6ver 30 \u00e5r inom vattensk\u00e4rning \u00e4r Water Jet Sweden idag Europas ledande tillverkare av vattensk\u00e4rningssystem.\" \/>\n<meta name=\"robots\" content=\"index, follow, max-snippet:-1, max-image-preview:large, max-video-preview:-1\" \/>\n<link rel=\"canonical\" href=\"https:\/\/www.waterjetsweden.com\/sv\/\" \/>\n<meta property=\"og:locale\" content=\"sv_SE\" \/>\n<meta property=\"og:type\" content=\"article\" \/>\n<meta property=\"og:title\" content=\"Vattensk\u00e4rning - Vattensk\u00e4rmaskiner fr\u00e5n Water Jet Sweden\" \/>\n<meta property=\"og:description\" content=\"V\u00e4lkomna till Water Jet Sweden. Med \u00f6ver 30 \u00e5r inom vattensk\u00e4rning \u00e4r Water Jet Sweden idag Europas ledande tillverkare av vattensk\u00e4rningssystem.\" \/>\n<meta property=\"og:url\" content=\"https:\/\/www.waterjetsweden.com\/sv\/\" \/>\n<meta property=\"og:site_name\" content=\"Water Jet Sweden - Sverige\" \/>\n<meta property=\"article:modified_time\" content=\"2025-11-17T07:43:46+00:00\" \/>\n<meta name=\"twitter:card\" content=\"summary_large_image\" \/>\n<script type=\"application\/ld+json\" class=\"yoast-schema-graph\">{\"@context\":\"https:\/\/schema.org\",\"@graph\":[{\"@type\":\"WebPage\",\"@id\":\"https:\/\/www.waterjetsweden.com\/sv\/\",\"url\":\"https:\/\/www.waterjetsweden.com\/sv\/\",\"name\":\"Vattensk\u00e4rning - Vattensk\u00e4rmaskiner fr\u00e5n Water Jet Sweden\",\"isPartOf\":{\"@id\":\"https:\/\/www.waterjetsweden.com\/sv\/#website\"},\"datePublished\":\"2017-07-05T07:20:35+00:00\",\"dateModified\":\"2025-11-17T07:43:46+00:00\",\"description\":\"V\u00e4lkomna till Water Jet Sweden. Med \u00f6ver 30 \u00e5r inom vattensk\u00e4rning \u00e4r Water Jet Sweden idag Europas ledande tillverkare av vattensk\u00e4rningssystem.\",\"breadcrumb\":{\"@id\":\"https:\/\/www.waterjetsweden.com\/sv\/#breadcrumb\"},\"inLanguage\":\"sv-SE\",\"potentialAction\":[{\"@type\":\"ReadAction\",\"target\":[\"https:\/\/www.waterjetsweden.com\/sv\/\"]}]},{\"@type\":\"BreadcrumbList\",\"@id\":\"https:\/\/www.waterjetsweden.com\/sv\/#breadcrumb\",\"itemListElement\":[{\"@type\":\"ListItem\",\"position\":1,\"name\":\"Home\",\"item\":\"https:\/\/www.waterjetsweden.com\/sv\/\"},{\"@type\":\"ListItem\",\"position\":2,\"name\":\"Home\"}]},{\"@type\":\"WebSite\",\"@id\":\"https:\/\/www.waterjetsweden.com\/sv\/#website\",\"url\":\"https:\/\/www.waterjetsweden.com\/sv\/\",\"name\":\"Water Jet Sweden - Sverige\",\"description\":\"\",\"potentialAction\":[{\"@type\":\"SearchAction\",\"target\":{\"@type\":\"EntryPoint\",\"urlTemplate\":\"https:\/\/www.waterjetsweden.com\/sv\/?s={search_term_string}\"},\"query-input\":\"required name=search_term_string\"}],\"inLanguage\":\"sv-SE\"}]}<\/script>\n<!-- \/ Yoast SEO plugin. -->","yoast_head_json":{"title":"Vattensk\u00e4rning - Vattensk\u00e4rmaskiner fr\u00e5n Water Jet Sweden","description":"V\u00e4lkomna till Water Jet Sweden. Med \u00f6ver 30 \u00e5r inom vattensk\u00e4rning \u00e4r Water Jet Sweden idag Europas ledande tillverkare av vattensk\u00e4rningssystem.","robots":{"index":"index","follow":"follow","max-snippet":"max-snippet:-1","max-image-preview":"max-image-preview:large","max-video-preview":"max-video-preview:-1"},"canonical":"https:\/\/www.waterjetsweden.com\/sv\/","og_locale":"sv_SE","og_type":"article","og_title":"Vattensk\u00e4rning - Vattensk\u00e4rmaskiner fr\u00e5n Water Jet Sweden","og_description":"V\u00e4lkomna till Water Jet Sweden. Med \u00f6ver 30 \u00e5r inom vattensk\u00e4rning \u00e4r Water Jet Sweden idag Europas ledande tillverkare av vattensk\u00e4rningssystem.","og_url":"https:\/\/www.waterjetsweden.com\/sv\/","og_site_name":"Water Jet Sweden - Sverige","article_modified_time":"2025-11-17T07:43:46+00:00","twitter_card":"summary_large_image","schema":{"@context":"https:\/\/schema.org","@graph":[{"@type":"WebPage","@id":"https:\/\/www.waterjetsweden.com\/sv\/","url":"https:\/\/www.waterjetsweden.com\/sv\/","name":"Vattensk\u00e4rning - Vattensk\u00e4rmaskiner fr\u00e5n Water Jet Sweden","isPartOf":{"@id":"https:\/\/www.waterjetsweden.com\/sv\/#website"},"datePublished":"2017-07-05T07:20:35+00:00","dateModified":"2025-11-17T07:43:46+00:00","description":"V\u00e4lkomna till Water Jet Sweden. Med \u00f6ver 30 \u00e5r inom vattensk\u00e4rning \u00e4r Water Jet Sweden idag Europas ledande tillverkare av vattensk\u00e4rningssystem.","breadcrumb":{"@id":"https:\/\/www.waterjetsweden.com\/sv\/#breadcrumb"},"inLanguage":"sv-SE","potentialAction":[{"@type":"ReadAction","target":["https:\/\/www.waterjetsweden.com\/sv\/"]}]},{"@type":"BreadcrumbList","@id":"https:\/\/www.waterjetsweden.com\/sv\/#breadcrumb","itemListElement":[{"@type":"ListItem","position":1,"name":"Home","item":"https:\/\/www.waterjetsweden.com\/sv\/"},{"@type":"ListItem","position":2,"name":"Home"}]},{"@type":"WebSite","@id":"https:\/\/www.waterjetsweden.com\/sv\/#website","url":"https:\/\/www.waterjetsweden.com\/sv\/","name":"Water Jet Sweden - Sverige","description":"","potentialAction":[{"@type":"SearchAction","target":{"@type":"EntryPoint","urlTemplate":"https:\/\/www.waterjetsweden.com\/sv\/?s={search_term_string}"},"query-input":"required name=search_term_string"}],"inLanguage":"sv-SE"}]}},"_links":{"self":[{"href":"https:\/\/www.waterjetsweden.com\/sv\/wp-json\/wp\/v2\/pages\/7"}],"collection":[{"href":"https:\/\/www.waterjetsweden.com\/sv\/wp-json\/wp\/v2\/pages"}],"about":[{"href":"https:\/\/www.waterjetsweden.com\/sv\/wp-json\/wp\/v2\/types\/page"}],"author":[{"embeddable":true,"href":"https:\/\/www.waterjetsweden.com\/sv\/wp-json\/wp\/v2\/users\/1"}],"replies":[{"embeddable":true,"href":"https:\/\/www.waterjetsweden.com\/sv\/wp-json\/wp\/v2\/comments?post=7"}],"version-history":[{"count":5,"href":"https:\/\/www.waterjetsweden.com\/sv\/wp-json\/wp\/v2\/pages\/7\/revisions"}],"predecessor-version":[{"id":9692,"href":"https:\/\/www.waterjetsweden.com\/sv\/wp-json\/wp\/v2\/pages\/7\/revisions\/9692"}],"wp:attachment":[{"href":"https:\/\/www.waterjetsweden.com\/sv\/wp-json\/wp\/v2\/media?parent=7"}],"curies":[{"name":"wp","href":"https:\/\/api.w.org\/{rel}","templated":true}]}}