{"id":4437,"date":"2018-04-30T11:44:42","date_gmt":"2018-04-30T09:44:42","guid":{"rendered":"https:\/\/www.waterjetsweden.com\/sv\/?page_id=4437"},"modified":"2025-05-14T19:56:18","modified_gmt":"2025-05-14T17:56:18","slug":"metaller-jarnbaserade-metaller","status":"publish","type":"page","link":"https:\/\/www.waterjetsweden.com\/sv\/om-vattenskarning\/metaller-jarnbaserade-metaller","title":{"rendered":"Metaller \u2013 J\u00e4rnbaserade Metaller"},"content":{"rendered":"","protected":false},"excerpt":{"rendered":"","protected":false},"author":1,"featured_media":0,"parent":17,"menu_order":0,"comment_status":"closed","ping_status":"closed","template":"","meta":[],"acf":[],"yoast_head":"<!-- This site is optimized with the Yoast SEO plugin v19.13 - https:\/\/yoast.com\/wordpress\/plugins\/seo\/ -->\n<title>Vattensk\u00e4rmaskin metall, aluminium - Water Jet Sweden - Sverige<\/title>\n<meta name=\"description\" content=\"Water Jet Sweden utvecklar och bygger vattensk\u00e4rmaskiner f\u00f6r alla material, som t.ex. metall, keramik, aluminium, glas m.m.\" \/>\n<meta name=\"robots\" content=\"index, follow, max-snippet:-1, max-image-preview:large, max-video-preview:-1\" \/>\n<link rel=\"canonical\" href=\"https:\/\/www.waterjetsweden.com\/sv\/om-vattenskarning\/metaller-jarnbaserade-metaller\" \/>\n<meta property=\"og:locale\" content=\"sv_SE\" \/>\n<meta property=\"og:type\" content=\"article\" \/>\n<meta property=\"og:title\" content=\"Vattensk\u00e4rmaskin metall, aluminium - Water Jet Sweden - Sverige\" \/>\n<meta property=\"og:description\" content=\"Water Jet Sweden utvecklar och bygger vattensk\u00e4rmaskiner f\u00f6r alla material, som t.ex. metall, keramik, aluminium, glas m.m.\" \/>\n<meta property=\"og:url\" content=\"https:\/\/www.waterjetsweden.com\/sv\/om-vattenskarning\/metaller-jarnbaserade-metaller\" \/>\n<meta property=\"og:site_name\" content=\"Water Jet Sweden - Sverige\" \/>\n<meta property=\"article:modified_time\" content=\"2025-05-14T17:56:18+00:00\" \/>\n<meta name=\"twitter:card\" content=\"summary_large_image\" \/>\n<script type=\"application\/ld+json\" class=\"yoast-schema-graph\">{\"@context\":\"https:\/\/schema.org\",\"@graph\":[{\"@type\":\"WebPage\",\"@id\":\"https:\/\/www.waterjetsweden.com\/sv\/om-vattenskarning\/metaller-jarnbaserade-metaller\",\"url\":\"https:\/\/www.waterjetsweden.com\/sv\/om-vattenskarning\/metaller-jarnbaserade-metaller\",\"name\":\"Vattensk\u00e4rmaskin metall, aluminium - Water Jet Sweden - Sverige\",\"isPartOf\":{\"@id\":\"https:\/\/www.waterjetsweden.com\/sv\/#website\"},\"datePublished\":\"2018-04-30T09:44:42+00:00\",\"dateModified\":\"2025-05-14T17:56:18+00:00\",\"description\":\"Water Jet Sweden utvecklar och bygger vattensk\u00e4rmaskiner f\u00f6r alla material, som t.ex. metall, keramik, aluminium, glas m.m.\",\"breadcrumb\":{\"@id\":\"https:\/\/www.waterjetsweden.com\/sv\/om-vattenskarning\/metaller-jarnbaserade-metaller#breadcrumb\"},\"inLanguage\":\"sv-SE\",\"potentialAction\":[{\"@type\":\"ReadAction\",\"target\":[\"https:\/\/www.waterjetsweden.com\/sv\/om-vattenskarning\/metaller-jarnbaserade-metaller\"]}]},{\"@type\":\"BreadcrumbList\",\"@id\":\"https:\/\/www.waterjetsweden.com\/sv\/om-vattenskarning\/metaller-jarnbaserade-metaller#breadcrumb\",\"itemListElement\":[{\"@type\":\"ListItem\",\"position\":1,\"name\":\"Home\",\"item\":\"https:\/\/www.waterjetsweden.com\/sv\/\"},{\"@type\":\"ListItem\",\"position\":2,\"name\":\"Om vattensk\u00e4rning\",\"item\":\"https:\/\/www.waterjetsweden.com\/sv\/om-vattenskarning\"},{\"@type\":\"ListItem\",\"position\":3,\"name\":\"Metaller \u2013 J\u00e4rnbaserade Metaller\"}]},{\"@type\":\"WebSite\",\"@id\":\"https:\/\/www.waterjetsweden.com\/sv\/#website\",\"url\":\"https:\/\/www.waterjetsweden.com\/sv\/\",\"name\":\"Water Jet Sweden - Sverige\",\"description\":\"\",\"potentialAction\":[{\"@type\":\"SearchAction\",\"target\":{\"@type\":\"EntryPoint\",\"urlTemplate\":\"https:\/\/www.waterjetsweden.com\/sv\/?s={search_term_string}\"},\"query-input\":\"required name=search_term_string\"}],\"inLanguage\":\"sv-SE\"}]}<\/script>\n<!-- \/ Yoast SEO plugin. -->","yoast_head_json":{"title":"Vattensk\u00e4rmaskin metall, aluminium - Water Jet Sweden - Sverige","description":"Water Jet Sweden utvecklar och bygger vattensk\u00e4rmaskiner f\u00f6r alla material, som t.ex. metall, keramik, aluminium, glas m.m.","robots":{"index":"index","follow":"follow","max-snippet":"max-snippet:-1","max-image-preview":"max-image-preview:large","max-video-preview":"max-video-preview:-1"},"canonical":"https:\/\/www.waterjetsweden.com\/sv\/om-vattenskarning\/metaller-jarnbaserade-metaller","og_locale":"sv_SE","og_type":"article","og_title":"Vattensk\u00e4rmaskin metall, aluminium - Water Jet Sweden - Sverige","og_description":"Water Jet Sweden utvecklar och bygger vattensk\u00e4rmaskiner f\u00f6r alla material, som t.ex. metall, keramik, aluminium, glas m.m.","og_url":"https:\/\/www.waterjetsweden.com\/sv\/om-vattenskarning\/metaller-jarnbaserade-metaller","og_site_name":"Water Jet Sweden - Sverige","article_modified_time":"2025-05-14T17:56:18+00:00","twitter_card":"summary_large_image","schema":{"@context":"https:\/\/schema.org","@graph":[{"@type":"WebPage","@id":"https:\/\/www.waterjetsweden.com\/sv\/om-vattenskarning\/metaller-jarnbaserade-metaller","url":"https:\/\/www.waterjetsweden.com\/sv\/om-vattenskarning\/metaller-jarnbaserade-metaller","name":"Vattensk\u00e4rmaskin metall, aluminium - Water Jet Sweden - Sverige","isPartOf":{"@id":"https:\/\/www.waterjetsweden.com\/sv\/#website"},"datePublished":"2018-04-30T09:44:42+00:00","dateModified":"2025-05-14T17:56:18+00:00","description":"Water Jet Sweden utvecklar och bygger vattensk\u00e4rmaskiner f\u00f6r alla material, som t.ex. metall, keramik, aluminium, glas m.m.","breadcrumb":{"@id":"https:\/\/www.waterjetsweden.com\/sv\/om-vattenskarning\/metaller-jarnbaserade-metaller#breadcrumb"},"inLanguage":"sv-SE","potentialAction":[{"@type":"ReadAction","target":["https:\/\/www.waterjetsweden.com\/sv\/om-vattenskarning\/metaller-jarnbaserade-metaller"]}]},{"@type":"BreadcrumbList","@id":"https:\/\/www.waterjetsweden.com\/sv\/om-vattenskarning\/metaller-jarnbaserade-metaller#breadcrumb","itemListElement":[{"@type":"ListItem","position":1,"name":"Home","item":"https:\/\/www.waterjetsweden.com\/sv\/"},{"@type":"ListItem","position":2,"name":"Om vattensk\u00e4rning","item":"https:\/\/www.waterjetsweden.com\/sv\/om-vattenskarning"},{"@type":"ListItem","position":3,"name":"Metaller \u2013 J\u00e4rnbaserade Metaller"}]},{"@type":"WebSite","@id":"https:\/\/www.waterjetsweden.com\/sv\/#website","url":"https:\/\/www.waterjetsweden.com\/sv\/","name":"Water Jet Sweden - Sverige","description":"","potentialAction":[{"@type":"SearchAction","target":{"@type":"EntryPoint","urlTemplate":"https:\/\/www.waterjetsweden.com\/sv\/?s={search_term_string}"},"query-input":"required name=search_term_string"}],"inLanguage":"sv-SE"}]}},"_links":{"self":[{"href":"https:\/\/www.waterjetsweden.com\/sv\/wp-json\/wp\/v2\/pages\/4437"}],"collection":[{"href":"https:\/\/www.waterjetsweden.com\/sv\/wp-json\/wp\/v2\/pages"}],"about":[{"href":"https:\/\/www.waterjetsweden.com\/sv\/wp-json\/wp\/v2\/types\/page"}],"author":[{"embeddable":true,"href":"https:\/\/www.waterjetsweden.com\/sv\/wp-json\/wp\/v2\/users\/1"}],"replies":[{"embeddable":true,"href":"https:\/\/www.waterjetsweden.com\/sv\/wp-json\/wp\/v2\/comments?post=4437"}],"version-history":[{"count":5,"href":"https:\/\/www.waterjetsweden.com\/sv\/wp-json\/wp\/v2\/pages\/4437\/revisions"}],"predecessor-version":[{"id":8667,"href":"https:\/\/www.waterjetsweden.com\/sv\/wp-json\/wp\/v2\/pages\/4437\/revisions\/8667"}],"up":[{"embeddable":true,"href":"https:\/\/www.waterjetsweden.com\/sv\/wp-json\/wp\/v2\/pages\/17"}],"wp:attachment":[{"href":"https:\/\/www.waterjetsweden.com\/sv\/wp-json\/wp\/v2\/media?parent=4437"}],"curies":[{"name":"wp","href":"https:\/\/api.w.org\/{rel}","templated":true}]}}